{"id":1641,"date":"2018-06-18T15:08:30","date_gmt":"2018-06-18T14:08:30","guid":{"rendered":"https:\/\/www.tencateoutdoorfabrics.com\/?page_id=1641"},"modified":"2021-04-16T11:48:09","modified_gmt":"2021-04-16T10:48:09","slug":"support","status":"publish","type":"page","link":"https:\/\/www.tencateoutdoorfabrics.com\/de\/support\/","title":{"rendered":"Support"},"content":{"rendered":"<p><span class=\"introduction\" style=\"font-size: 12pt;\">TenCate Outdoor Fabrics versieht seine Zeltgewebe mit fungizider sowie schmutz- und feuchtigkeitsabweisender Ausr\u00fcstung.<br \/>\n\u00c4u\u00dfere Ursachen f\u00fchren allerdings zu Verschmutzung oder Schimmel.<br \/>\nDeshalb ist gute Pflege wichtig. Wir haben Tipps, mit denen das Zeltgewebe l\u00e4nger gut erhalten bleibt.<\/span><\/p>\n<p><span style=\"font-size: 12pt;\">Wenn Sie nach dem Lesen der Reinigungsanweisungen und Tipps noch eine Frage haben, die nicht in der \u00dcbersicht steht, kontaktieren Sie uns.<br \/>\nVorzugsweise per E-Mail, dann k\u00f6nnen wir Ihnen eine vollst\u00e4ndige und dokumentierte Antwort geben.<\/span><\/p>\n","protected":false},"excerpt":{"rendered":"<p>TenCate Outdoor Fabrics versieht seine Zeltgewebe mit fungizider sowie schmutz- und feuchtigkeitsabweisender Ausr\u00fcstung. \u00c4u\u00dfere Ursachen f\u00fchren allerdings zu Verschmutzung oder Schimmel. Deshalb ist gute Pflege wichtig. Wir haben Tipps, mit denen das Zeltgewebe l\u00e4nger gut erhalten bleibt. Wenn Sie nach dem Lesen der Reinigungsanweisungen und Tipps noch eine Frage haben, die nicht in der \u00dcbersicht [&hellip;]<\/p>\n","protected":false},"author":2,"featured_media":0,"parent":0,"menu_order":0,"comment_status":"closed","ping_status":"closed","template":"page-support.php","meta":{"_acf_changed":false,"_uag_custom_page_level_css":"","footnotes":""},"branches":[],"class_list":["post-1641","page","type-page","status-publish","hentry"],"acf":[],"yoast_head":"<!-- This site is optimized with the Yoast SEO plugin v27.5 - https:\/\/yoast.com\/product\/yoast-seo-wordpress\/ -->\n<title>Support - TenCate Outdoor Fabrics<\/title>\n<meta name=\"robots\" content=\"index, follow, max-snippet:-1, max-image-preview:large, max-video-preview:-1\" \/>\n<link rel=\"canonical\" href=\"https:\/\/www.tencateoutdoorfabrics.com\/de\/support\/\" \/>\n<meta property=\"og:locale\" content=\"de_DE\" \/>\n<meta property=\"og:type\" content=\"article\" \/>\n<meta property=\"og:title\" content=\"Support - TenCate Outdoor Fabrics\" \/>\n<meta property=\"og:description\" content=\"TenCate Outdoor Fabrics versieht seine Zeltgewebe mit fungizider sowie schmutz- und feuchtigkeitsabweisender Ausr\u00fcstung. \u00c4u\u00dfere Ursachen f\u00fchren allerdings zu Verschmutzung oder Schimmel. Deshalb ist gute Pflege wichtig. Wir haben Tipps, mit denen das Zeltgewebe l\u00e4nger gut erhalten bleibt. Wenn Sie nach dem Lesen der Reinigungsanweisungen und Tipps noch eine Frage haben, die nicht in der \u00dcbersicht [&hellip;]\" \/>\n<meta property=\"og:url\" content=\"https:\/\/www.tencateoutdoorfabrics.com\/de\/support\/\" \/>\n<meta property=\"og:site_name\" content=\"TenCate Outdoor Fabrics\" \/>\n<meta property=\"article:modified_time\" content=\"2021-04-16T10:48:09+00:00\" \/>\n<meta name=\"twitter:card\" content=\"summary_large_image\" \/>\n<script type=\"application\/ld+json\" class=\"yoast-schema-graph\">{\"@context\":\"https:\\\/\\\/schema.org\",\"@graph\":[{\"@type\":\"WebPage\",\"@id\":\"https:\\\/\\\/www.tencateoutdoorfabrics.com\\\/de\\\/support\\\/\",\"url\":\"https:\\\/\\\/www.tencateoutdoorfabrics.com\\\/de\\\/support\\\/\",\"name\":\"Support - TenCate Outdoor Fabrics\",\"isPartOf\":{\"@id\":\"https:\\\/\\\/www.tencateoutdoorfabrics.com\\\/#website\"},\"datePublished\":\"2018-06-18T14:08:30+00:00\",\"dateModified\":\"2021-04-16T10:48:09+00:00\",\"breadcrumb\":{\"@id\":\"https:\\\/\\\/www.tencateoutdoorfabrics.com\\\/de\\\/support\\\/#breadcrumb\"},\"inLanguage\":\"de\",\"potentialAction\":[{\"@type\":\"ReadAction\",\"target\":[\"https:\\\/\\\/www.tencateoutdoorfabrics.com\\\/de\\\/support\\\/\"]}]},{\"@type\":\"BreadcrumbList\",\"@id\":\"https:\\\/\\\/www.tencateoutdoorfabrics.com\\\/de\\\/support\\\/#breadcrumb\",\"itemListElement\":[{\"@type\":\"ListItem\",\"position\":1,\"name\":\"Home\",\"item\":\"https:\\\/\\\/www.tencateoutdoorfabrics.com\\\/de\\\/\"},{\"@type\":\"ListItem\",\"position\":2,\"name\":\"Support\"}]},{\"@type\":\"WebSite\",\"@id\":\"https:\\\/\\\/www.tencateoutdoorfabrics.com\\\/#website\",\"url\":\"https:\\\/\\\/www.tencateoutdoorfabrics.com\\\/\",\"name\":\"TenCate Outdoor Fabrics\",\"description\":\"TenCate Outdoor Fabrics\",\"potentialAction\":[{\"@type\":\"SearchAction\",\"target\":{\"@type\":\"EntryPoint\",\"urlTemplate\":\"https:\\\/\\\/www.tencateoutdoorfabrics.com\\\/?s={search_term_string}\"},\"query-input\":{\"@type\":\"PropertyValueSpecification\",\"valueRequired\":true,\"valueName\":\"search_term_string\"}}],\"inLanguage\":\"de\"}]}<\/script>\n<!-- \/ Yoast SEO plugin. -->","yoast_head_json":{"title":"Support - TenCate Outdoor Fabrics","robots":{"index":"index","follow":"follow","max-snippet":"max-snippet:-1","max-image-preview":"max-image-preview:large","max-video-preview":"max-video-preview:-1"},"canonical":"https:\/\/www.tencateoutdoorfabrics.com\/de\/support\/","og_locale":"de_DE","og_type":"article","og_title":"Support - TenCate Outdoor Fabrics","og_description":"TenCate Outdoor Fabrics versieht seine Zeltgewebe mit fungizider sowie schmutz- und feuchtigkeitsabweisender Ausr\u00fcstung. \u00c4u\u00dfere Ursachen f\u00fchren allerdings zu Verschmutzung oder Schimmel. Deshalb ist gute Pflege wichtig. Wir haben Tipps, mit denen das Zeltgewebe l\u00e4nger gut erhalten bleibt. Wenn Sie nach dem Lesen der Reinigungsanweisungen und Tipps noch eine Frage haben, die nicht in der \u00dcbersicht [&hellip;]","og_url":"https:\/\/www.tencateoutdoorfabrics.com\/de\/support\/","og_site_name":"TenCate Outdoor Fabrics","article_modified_time":"2021-04-16T10:48:09+00:00","twitter_card":"summary_large_image","schema":{"@context":"https:\/\/schema.org","@graph":[{"@type":"WebPage","@id":"https:\/\/www.tencateoutdoorfabrics.com\/de\/support\/","url":"https:\/\/www.tencateoutdoorfabrics.com\/de\/support\/","name":"Support - TenCate Outdoor Fabrics","isPartOf":{"@id":"https:\/\/www.tencateoutdoorfabrics.com\/#website"},"datePublished":"2018-06-18T14:08:30+00:00","dateModified":"2021-04-16T10:48:09+00:00","breadcrumb":{"@id":"https:\/\/www.tencateoutdoorfabrics.com\/de\/support\/#breadcrumb"},"inLanguage":"de","potentialAction":[{"@type":"ReadAction","target":["https:\/\/www.tencateoutdoorfabrics.com\/de\/support\/"]}]},{"@type":"BreadcrumbList","@id":"https:\/\/www.tencateoutdoorfabrics.com\/de\/support\/#breadcrumb","itemListElement":[{"@type":"ListItem","position":1,"name":"Home","item":"https:\/\/www.tencateoutdoorfabrics.com\/de\/"},{"@type":"ListItem","position":2,"name":"Support"}]},{"@type":"WebSite","@id":"https:\/\/www.tencateoutdoorfabrics.com\/#website","url":"https:\/\/www.tencateoutdoorfabrics.com\/","name":"TenCate Outdoor Fabrics","description":"TenCate Outdoor Fabrics","potentialAction":[{"@type":"SearchAction","target":{"@type":"EntryPoint","urlTemplate":"https:\/\/www.tencateoutdoorfabrics.com\/?s={search_term_string}"},"query-input":{"@type":"PropertyValueSpecification","valueRequired":true,"valueName":"search_term_string"}}],"inLanguage":"de"}]}},"uagb_featured_image_src":{"full":false,"thumbnail":false,"medium":false,"medium_large":false,"large":false,"1536x1536":false,"2048x2048":false,"page-header":false,"page-blocks-half-width":false,"page-blocks-full-width":false,"card-header":false,"page-header-mobile":false,"projects-half-width":false,"square-thumb":false},"uagb_author_info":{"display_name":"Martijn Rebergen","author_link":"https:\/\/www.tencateoutdoorfabrics.com\/de\/author\/marleen\/"},"uagb_comment_info":0,"uagb_excerpt":"TenCate Outdoor Fabrics versieht seine Zeltgewebe mit fungizider sowie schmutz- und feuchtigkeitsabweisender Ausr\u00fcstung. \u00c4u\u00dfere Ursachen f\u00fchren allerdings zu Verschmutzung oder Schimmel. Deshalb ist gute Pflege wichtig. Wir haben Tipps, mit denen das Zeltgewebe l\u00e4nger gut erhalten bleibt. Wenn Sie nach dem Lesen der Reinigungsanweisungen und Tipps noch eine Frage haben, die nicht in der \u00dcbersicht&hellip;","_links":{"self":[{"href":"https:\/\/www.tencateoutdoorfabrics.com\/de\/wp-json\/wp\/v2\/pages\/1641","targetHints":{"allow":["GET"]}}],"collection":[{"href":"https:\/\/www.tencateoutdoorfabrics.com\/de\/wp-json\/wp\/v2\/pages"}],"about":[{"href":"https:\/\/www.tencateoutdoorfabrics.com\/de\/wp-json\/wp\/v2\/types\/page"}],"author":[{"embeddable":true,"href":"https:\/\/www.tencateoutdoorfabrics.com\/de\/wp-json\/wp\/v2\/users\/2"}],"replies":[{"embeddable":true,"href":"https:\/\/www.tencateoutdoorfabrics.com\/de\/wp-json\/wp\/v2\/comments?post=1641"}],"version-history":[{"count":11,"href":"https:\/\/www.tencateoutdoorfabrics.com\/de\/wp-json\/wp\/v2\/pages\/1641\/revisions"}],"predecessor-version":[{"id":10905,"href":"https:\/\/www.tencateoutdoorfabrics.com\/de\/wp-json\/wp\/v2\/pages\/1641\/revisions\/10905"}],"wp:attachment":[{"href":"https:\/\/www.tencateoutdoorfabrics.com\/de\/wp-json\/wp\/v2\/media?parent=1641"}],"wp:term":[{"taxonomy":"branches","embeddable":true,"href":"https:\/\/www.tencateoutdoorfabrics.com\/de\/wp-json\/wp\/v2\/branches?post=1641"}],"curies":[{"name":"wp","href":"https:\/\/api.w.org\/{rel}","templated":true}]}}