{"id":1588,"date":"2017-11-09T14:07:56","date_gmt":"2017-11-09T13:07:56","guid":{"rendered":"https:\/\/www.tencateoutdoorfabrics.com\/marktgroepen\/"},"modified":"2021-02-26T15:33:05","modified_gmt":"2021-02-26T14:33:05","slug":"marktgruppen","status":"publish","type":"page","link":"https:\/\/www.tencateoutdoorfabrics.com\/de\/marktgruppen\/","title":{"rendered":"Zeltgewebe"},"content":{"rendered":"<p><span class=\"introduction\">TenCate Outdoor Fabrics konzentriert sich auf die Entwicklung und Produktion von technischen Textilien in den verschiedensten industriellen M\u00e4rkten und ist internationaler Marktf\u00fchrer auf dem Gebiet von Zeltgewebe und wichtiger Marktteilnehmer im Bereich von Au\u00dfensonnenschutz. F\u00fcr alle Marktsegmente bietet TenCate spezifische Gewebesorten, die f\u00fcr die jeweilige Anwendung hervorragend geeignet sind.<\/span><\/p>\n","protected":false},"excerpt":{"rendered":"<p>TenCate Outdoor Fabrics konzentriert sich auf die Entwicklung und Produktion von technischen Textilien in den verschiedensten industriellen M\u00e4rkten und ist internationaler Marktf\u00fchrer auf dem Gebiet von Zeltgewebe und wichtiger Marktteilnehmer im Bereich von Au\u00dfensonnenschutz. F\u00fcr alle Marktsegmente bietet TenCate spezifische Gewebesorten, die f\u00fcr die jeweilige Anwendung hervorragend geeignet sind.<\/p>\n","protected":false},"author":1,"featured_media":23084,"parent":0,"menu_order":0,"comment_status":"closed","ping_status":"closed","template":"contents-marktgroepen.php","meta":{"_acf_changed":false,"_uag_custom_page_level_css":"","footnotes":""},"branches":[],"class_list":["post-1588","page","type-page","status-publish","has-post-thumbnail","hentry"],"acf":[],"yoast_head":"<!-- This site is optimized with the Yoast SEO plugin v27.5 - https:\/\/yoast.com\/product\/yoast-seo-wordpress\/ -->\n<title>Zeltgewebe - TenCate Outdoor Fabrics<\/title>\n<meta name=\"robots\" content=\"index, follow, max-snippet:-1, max-image-preview:large, max-video-preview:-1\" \/>\n<link rel=\"canonical\" href=\"https:\/\/www.tencateoutdoorfabrics.com\/de\/marktgruppen\/\" \/>\n<meta property=\"og:locale\" content=\"de_DE\" \/>\n<meta property=\"og:type\" content=\"article\" \/>\n<meta property=\"og:title\" content=\"Zeltgewebe - TenCate Outdoor Fabrics\" \/>\n<meta property=\"og:description\" content=\"TenCate Outdoor Fabrics konzentriert sich auf die Entwicklung und Produktion von technischen Textilien in den verschiedensten industriellen M\u00e4rkten und ist internationaler Marktf\u00fchrer auf dem Gebiet von Zeltgewebe und wichtiger Marktteilnehmer im Bereich von Au\u00dfensonnenschutz. F\u00fcr alle Marktsegmente bietet TenCate spezifische Gewebesorten, die f\u00fcr die jeweilige Anwendung hervorragend geeignet sind.\" \/>\n<meta property=\"og:url\" content=\"https:\/\/www.tencateoutdoorfabrics.com\/de\/marktgruppen\/\" \/>\n<meta property=\"og:site_name\" content=\"TenCate Outdoor Fabrics\" \/>\n<meta property=\"article:modified_time\" content=\"2021-02-26T14:33:05+00:00\" \/>\n<meta name=\"twitter:card\" content=\"summary_large_image\" \/>\n<script type=\"application\/ld+json\" class=\"yoast-schema-graph\">{\"@context\":\"https:\\\/\\\/schema.org\",\"@graph\":[{\"@type\":\"WebPage\",\"@id\":\"https:\\\/\\\/www.tencateoutdoorfabrics.com\\\/de\\\/marktgruppen\\\/\",\"url\":\"https:\\\/\\\/www.tencateoutdoorfabrics.com\\\/de\\\/marktgruppen\\\/\",\"name\":\"Zeltgewebe - TenCate Outdoor Fabrics\",\"isPartOf\":{\"@id\":\"https:\\\/\\\/www.tencateoutdoorfabrics.com\\\/#website\"},\"primaryImageOfPage\":{\"@id\":\"https:\\\/\\\/www.tencateoutdoorfabrics.com\\\/de\\\/marktgruppen\\\/#primaryimage\"},\"image\":{\"@id\":\"https:\\\/\\\/www.tencateoutdoorfabrics.com\\\/de\\\/marktgruppen\\\/#primaryimage\"},\"thumbnailUrl\":\"https:\\\/\\\/www.tencateoutdoorfabrics.com\\\/wp-content\\\/uploads\\\/2017\\\/11\\\/optie-1.png\",\"datePublished\":\"2017-11-09T13:07:56+00:00\",\"dateModified\":\"2021-02-26T14:33:05+00:00\",\"breadcrumb\":{\"@id\":\"https:\\\/\\\/www.tencateoutdoorfabrics.com\\\/de\\\/marktgruppen\\\/#breadcrumb\"},\"inLanguage\":\"de\",\"potentialAction\":[{\"@type\":\"ReadAction\",\"target\":[\"https:\\\/\\\/www.tencateoutdoorfabrics.com\\\/de\\\/marktgruppen\\\/\"]}]},{\"@type\":\"ImageObject\",\"inLanguage\":\"de\",\"@id\":\"https:\\\/\\\/www.tencateoutdoorfabrics.com\\\/de\\\/marktgruppen\\\/#primaryimage\",\"url\":\"https:\\\/\\\/www.tencateoutdoorfabrics.com\\\/wp-content\\\/uploads\\\/2017\\\/11\\\/optie-1.png\",\"contentUrl\":\"https:\\\/\\\/www.tencateoutdoorfabrics.com\\\/wp-content\\\/uploads\\\/2017\\\/11\\\/optie-1.png\",\"width\":1798,\"height\":1244},{\"@type\":\"BreadcrumbList\",\"@id\":\"https:\\\/\\\/www.tencateoutdoorfabrics.com\\\/de\\\/marktgruppen\\\/#breadcrumb\",\"itemListElement\":[{\"@type\":\"ListItem\",\"position\":1,\"name\":\"Home\",\"item\":\"https:\\\/\\\/www.tencateoutdoorfabrics.com\\\/de\\\/\"},{\"@type\":\"ListItem\",\"position\":2,\"name\":\"Zeltgewebe\"}]},{\"@type\":\"WebSite\",\"@id\":\"https:\\\/\\\/www.tencateoutdoorfabrics.com\\\/#website\",\"url\":\"https:\\\/\\\/www.tencateoutdoorfabrics.com\\\/\",\"name\":\"TenCate Outdoor Fabrics\",\"description\":\"TenCate Outdoor Fabrics\",\"potentialAction\":[{\"@type\":\"SearchAction\",\"target\":{\"@type\":\"EntryPoint\",\"urlTemplate\":\"https:\\\/\\\/www.tencateoutdoorfabrics.com\\\/?s={search_term_string}\"},\"query-input\":{\"@type\":\"PropertyValueSpecification\",\"valueRequired\":true,\"valueName\":\"search_term_string\"}}],\"inLanguage\":\"de\"}]}<\/script>\n<!-- \/ Yoast SEO plugin. -->","yoast_head_json":{"title":"Zeltgewebe - TenCate Outdoor Fabrics","robots":{"index":"index","follow":"follow","max-snippet":"max-snippet:-1","max-image-preview":"max-image-preview:large","max-video-preview":"max-video-preview:-1"},"canonical":"https:\/\/www.tencateoutdoorfabrics.com\/de\/marktgruppen\/","og_locale":"de_DE","og_type":"article","og_title":"Zeltgewebe - TenCate Outdoor Fabrics","og_description":"TenCate Outdoor Fabrics konzentriert sich auf die Entwicklung und Produktion von technischen Textilien in den verschiedensten industriellen M\u00e4rkten und ist internationaler Marktf\u00fchrer auf dem Gebiet von Zeltgewebe und wichtiger Marktteilnehmer im Bereich von Au\u00dfensonnenschutz. F\u00fcr alle Marktsegmente bietet TenCate spezifische Gewebesorten, die f\u00fcr die jeweilige Anwendung hervorragend geeignet sind.","og_url":"https:\/\/www.tencateoutdoorfabrics.com\/de\/marktgruppen\/","og_site_name":"TenCate Outdoor Fabrics","article_modified_time":"2021-02-26T14:33:05+00:00","twitter_card":"summary_large_image","schema":{"@context":"https:\/\/schema.org","@graph":[{"@type":"WebPage","@id":"https:\/\/www.tencateoutdoorfabrics.com\/de\/marktgruppen\/","url":"https:\/\/www.tencateoutdoorfabrics.com\/de\/marktgruppen\/","name":"Zeltgewebe - TenCate Outdoor Fabrics","isPartOf":{"@id":"https:\/\/www.tencateoutdoorfabrics.com\/#website"},"primaryImageOfPage":{"@id":"https:\/\/www.tencateoutdoorfabrics.com\/de\/marktgruppen\/#primaryimage"},"image":{"@id":"https:\/\/www.tencateoutdoorfabrics.com\/de\/marktgruppen\/#primaryimage"},"thumbnailUrl":"https:\/\/www.tencateoutdoorfabrics.com\/wp-content\/uploads\/2017\/11\/optie-1.png","datePublished":"2017-11-09T13:07:56+00:00","dateModified":"2021-02-26T14:33:05+00:00","breadcrumb":{"@id":"https:\/\/www.tencateoutdoorfabrics.com\/de\/marktgruppen\/#breadcrumb"},"inLanguage":"de","potentialAction":[{"@type":"ReadAction","target":["https:\/\/www.tencateoutdoorfabrics.com\/de\/marktgruppen\/"]}]},{"@type":"ImageObject","inLanguage":"de","@id":"https:\/\/www.tencateoutdoorfabrics.com\/de\/marktgruppen\/#primaryimage","url":"https:\/\/www.tencateoutdoorfabrics.com\/wp-content\/uploads\/2017\/11\/optie-1.png","contentUrl":"https:\/\/www.tencateoutdoorfabrics.com\/wp-content\/uploads\/2017\/11\/optie-1.png","width":1798,"height":1244},{"@type":"BreadcrumbList","@id":"https:\/\/www.tencateoutdoorfabrics.com\/de\/marktgruppen\/#breadcrumb","itemListElement":[{"@type":"ListItem","position":1,"name":"Home","item":"https:\/\/www.tencateoutdoorfabrics.com\/de\/"},{"@type":"ListItem","position":2,"name":"Zeltgewebe"}]},{"@type":"WebSite","@id":"https:\/\/www.tencateoutdoorfabrics.com\/#website","url":"https:\/\/www.tencateoutdoorfabrics.com\/","name":"TenCate Outdoor Fabrics","description":"TenCate Outdoor Fabrics","potentialAction":[{"@type":"SearchAction","target":{"@type":"EntryPoint","urlTemplate":"https:\/\/www.tencateoutdoorfabrics.com\/?s={search_term_string}"},"query-input":{"@type":"PropertyValueSpecification","valueRequired":true,"valueName":"search_term_string"}}],"inLanguage":"de"}]}},"uagb_featured_image_src":{"full":["https:\/\/www.tencateoutdoorfabrics.com\/wp-content\/uploads\/2017\/11\/optie-1.png",1798,1244,false],"thumbnail":["https:\/\/www.tencateoutdoorfabrics.com\/wp-content\/uploads\/2017\/11\/optie-1-150x150.png",150,150,true],"medium":["https:\/\/www.tencateoutdoorfabrics.com\/wp-content\/uploads\/2017\/11\/optie-1-300x208.png",300,208,true],"medium_large":["https:\/\/www.tencateoutdoorfabrics.com\/wp-content\/uploads\/2017\/11\/optie-1-768x531.png",768,531,true],"large":["https:\/\/www.tencateoutdoorfabrics.com\/wp-content\/uploads\/2017\/11\/optie-1-1024x282-1530008194.png",1024,282,true],"1536x1536":["https:\/\/www.tencateoutdoorfabrics.com\/wp-content\/uploads\/2017\/11\/optie-1.png",1536,1063,false],"2048x2048":["https:\/\/www.tencateoutdoorfabrics.com\/wp-content\/uploads\/2017\/11\/optie-1.png",1798,1244,false],"page-header":["https:\/\/www.tencateoutdoorfabrics.com\/wp-content\/uploads\/2017\/11\/optie-1-1130x410-1513248089.png",1130,410,true],"page-blocks-half-width":["https:\/\/www.tencateoutdoorfabrics.com\/wp-content\/uploads\/2017\/11\/optie-1-555x260.png",555,260,true],"page-blocks-full-width":["https:\/\/www.tencateoutdoorfabrics.com\/wp-content\/uploads\/2017\/11\/optie-1-1130x537.png",1130,537,true],"card-header":["https:\/\/www.tencateoutdoorfabrics.com\/wp-content\/uploads\/2017\/11\/optie-1-362x204.png",362,204,true],"page-header-mobile":["https:\/\/www.tencateoutdoorfabrics.com\/wp-content\/uploads\/2017\/11\/optie-1-767x405.png",767,405,true],"projects-half-width":["https:\/\/www.tencateoutdoorfabrics.com\/wp-content\/uploads\/2017\/11\/optie-1.png",520,360,false],"square-thumb":["https:\/\/www.tencateoutdoorfabrics.com\/wp-content\/uploads\/2017\/11\/optie-1.png",300,208,false]},"uagb_author_info":{"display_name":"Alientrick","author_link":"https:\/\/www.tencateoutdoorfabrics.com\/de\/author\/alientrick\/"},"uagb_comment_info":0,"uagb_excerpt":"TenCate Outdoor Fabrics konzentriert sich auf die Entwicklung und Produktion von technischen Textilien in den verschiedensten industriellen M\u00e4rkten und ist internationaler Marktf\u00fchrer auf dem Gebiet von Zeltgewebe und wichtiger Marktteilnehmer im Bereich von Au\u00dfensonnenschutz. F\u00fcr alle Marktsegmente bietet TenCate spezifische Gewebesorten, die f\u00fcr die jeweilige Anwendung hervorragend geeignet sind.","_links":{"self":[{"href":"https:\/\/www.tencateoutdoorfabrics.com\/de\/wp-json\/wp\/v2\/pages\/1588","targetHints":{"allow":["GET"]}}],"collection":[{"href":"https:\/\/www.tencateoutdoorfabrics.com\/de\/wp-json\/wp\/v2\/pages"}],"about":[{"href":"https:\/\/www.tencateoutdoorfabrics.com\/de\/wp-json\/wp\/v2\/types\/page"}],"author":[{"embeddable":true,"href":"https:\/\/www.tencateoutdoorfabrics.com\/de\/wp-json\/wp\/v2\/users\/1"}],"replies":[{"embeddable":true,"href":"https:\/\/www.tencateoutdoorfabrics.com\/de\/wp-json\/wp\/v2\/comments?post=1588"}],"version-history":[{"count":4,"href":"https:\/\/www.tencateoutdoorfabrics.com\/de\/wp-json\/wp\/v2\/pages\/1588\/revisions"}],"predecessor-version":[{"id":10518,"href":"https:\/\/www.tencateoutdoorfabrics.com\/de\/wp-json\/wp\/v2\/pages\/1588\/revisions\/10518"}],"wp:featuredmedia":[{"embeddable":true,"href":"https:\/\/www.tencateoutdoorfabrics.com\/de\/wp-json\/wp\/v2\/media\/23084"}],"wp:attachment":[{"href":"https:\/\/www.tencateoutdoorfabrics.com\/de\/wp-json\/wp\/v2\/media?parent=1588"}],"wp:term":[{"taxonomy":"branches","embeddable":true,"href":"https:\/\/www.tencateoutdoorfabrics.com\/de\/wp-json\/wp\/v2\/branches?post=1588"}],"curies":[{"name":"wp","href":"https:\/\/api.w.org\/{rel}","templated":true}]}}